{"id":2117,"date":"2022-12-14T12:21:00","date_gmt":"2022-12-14T12:21:00","guid":{"rendered":"https:\/\/mce.ma\/?page_id=2117"},"modified":"2022-12-16T13:27:10","modified_gmt":"2022-12-16T13:27:10","slug":"notre-engagement-qualite","status":"publish","type":"page","link":"https:\/\/mce.ma\/index.php\/notre-engagement-qualite\/","title":{"rendered":"Notre engagement qualit\u00e9"},"content":{"rendered":"\t\t<div data-elementor-type=\"wp-page\" data-elementor-id=\"2117\" class=\"elementor elementor-2117\">\n\t\t\t\t\t\t<section class=\"elementor-section elementor-top-section elementor-element elementor-element-e66c969 elementor-section-content-middle elementor-section-boxed elementor-section-height-default elementor-section-height-default\" data-id=\"e66c969\" data-element_type=\"section\" data-settings=\"{&quot;background_background&quot;:&quot;classic&quot;}\">\n\t\t\t\t\t\t<div class=\"elementor-container elementor-column-gap-default\">\n\t\t\t\t\t<div class=\"elementor-column elementor-col-100 elementor-top-column elementor-element elementor-element-e5e97cf\" data-id=\"e5e97cf\" data-element_type=\"column\">\n\t\t\t<div class=\"elementor-widget-wrap elementor-element-populated\">\n\t\t\t\t\t\t<div class=\"elementor-element elementor-element-e0e0f08 elementor-widget elementor-widget-modina_section_title\" data-id=\"e0e0f08\" data-element_type=\"widget\" data-widget_type=\"modina_section_title.default\">\n\t\t\t\t<div class=\"elementor-widget-container\">\n\t\t\t        <div class=\"section-title text-start\">\r\n        <span>Services<\/span>\r\n        <p><\/p>\r\n        <h2>NOTRE ENGAGEMENT QUALITE\n<\/h2>\r\n    <\/div>\r\n    \r\n    \r\n        \t\t<\/div>\n\t\t\t\t<\/div>\n\t\t\t\t<div class=\"elementor-element elementor-element-31024bf elementor-widget elementor-widget-heading\" data-id=\"31024bf\" data-element_type=\"widget\" data-widget_type=\"heading.default\">\n\t\t\t\t<div class=\"elementor-widget-container\">\n\t\t\t<p class=\"elementor-heading-title elementor-size-default\">MCE Measurement Control Engineering \u00e0 lancer depuis 2021 la formation de son \u00e9quipe pour la mise en place et obtention du certification ISO dans le domaine de contr\u00f4le dimensionnel <br><br>\nAujourd\u00a0\u2019hui nos contr\u00f4le son assurer par des moyens pr\u00e9cis et hautement qualifi\u00e9 par des certificat d\u2019accr\u00e9ditation  li\u00e9 au syst\u00e8me international \n<\/p>\t\t<\/div>\n\t\t\t\t<\/div>\n\t\t\t\t\t<\/div>\n\t\t<\/div>\n\t\t\t\t\t<\/div>\n\t\t<\/section>\n\t\t\t\t<\/div>\n\t\t","protected":false},"excerpt":{"rendered":"<p>Services NOTRE ENGAGEMENT QUALITE MCE Measurement Control Engineering \u00e0 lancer depuis 2021 la formation de son \u00e9quipe pour la mise en place et obtention du certification ISO dans le domaine de contr\u00f4le dimensionnel Aujourd\u00a0\u2019hui nos contr\u00f4le son assurer par des moyens pr\u00e9cis et hautement qualifi\u00e9 par des certificat d\u2019accr\u00e9ditation li\u00e9 au syst\u00e8me international<\/p>\n","protected":false},"author":1,"featured_media":0,"parent":0,"menu_order":0,"comment_status":"closed","ping_status":"closed","template":"elementor_header_footer","meta":{"footnotes":""},"class_list":["post-2117","page","type-page","status-publish","hentry"],"acf":[],"_links":{"self":[{"href":"https:\/\/mce.ma\/index.php\/wp-json\/wp\/v2\/pages\/2117","targetHints":{"allow":["GET"]}}],"collection":[{"href":"https:\/\/mce.ma\/index.php\/wp-json\/wp\/v2\/pages"}],"about":[{"href":"https:\/\/mce.ma\/index.php\/wp-json\/wp\/v2\/types\/page"}],"author":[{"embeddable":true,"href":"https:\/\/mce.ma\/index.php\/wp-json\/wp\/v2\/users\/1"}],"replies":[{"embeddable":true,"href":"https:\/\/mce.ma\/index.php\/wp-json\/wp\/v2\/comments?post=2117"}],"version-history":[{"count":4,"href":"https:\/\/mce.ma\/index.php\/wp-json\/wp\/v2\/pages\/2117\/revisions"}],"predecessor-version":[{"id":2186,"href":"https:\/\/mce.ma\/index.php\/wp-json\/wp\/v2\/pages\/2117\/revisions\/2186"}],"wp:attachment":[{"href":"https:\/\/mce.ma\/index.php\/wp-json\/wp\/v2\/media?parent=2117"}],"curies":[{"name":"wp","href":"https:\/\/api.w.org\/{rel}","templated":true}]}}